{"id":208,"date":"2016-01-27T12:18:01","date_gmt":"2016-01-27T12:18:01","guid":{"rendered":"https:\/\/www.abitop.ee\/%d0%b3%d0%bb%d0%b0%d0%b2%d0%bd%d0%b0%d1%8f\/?lang=ru"},"modified":"2017-04-28T13:38:23","modified_gmt":"2017-04-28T10:38:23","slug":"%d0%b3%d0%bb%d0%b0%d0%b2%d0%bd%d0%b0%d1%8f","status":"publish","type":"page","link":"https:\/\/abitop.ee\/ru\/","title":{"rendered":"\u0413\u043b\u0430\u0432\u043d\u0430\u044f"},"content":{"rendered":"<section class=\"l-section wpb_row height_auto width_full slider-none\" id=\"head\"><div class=\"l-section-h g-html i-cf\"><div class=\"g-cols offset_small\"><div class=\" full-width\">[rev_slider_vc alias=&#187;mainpage&#187;]<\/div><\/div><\/div><\/section><section class=\"l-section wpb_row height_huge with_img parallax_ver\"><div class=\"l-section-img\" style=\"background-image: url(https:\/\/abitop.ee\/wp-content\/uploads\/2016\/01\/bg.jpg);\" data-img-width=\"1920\" data-img-height=\"1080\"><\/div><div class=\"l-section-h g-html i-cf\"><div class=\"g-cols offset_small\"><div class=\" one-half\">[vc_empty_space height=&#187;76px&#187;]<div class=\"w-image  align_center\"><img loading=\"lazy\" decoding=\"async\" width=\"600\" height=\"134\" src=\"https:\/\/abitop.ee\/wp-content\/uploads\/2016\/01\/logo-lined-1.png\" class=\"attachment-full size-full\" alt=\"\" srcset=\"https:\/\/abitop.ee\/wp-content\/uploads\/2016\/01\/logo-lined-1.png 600w, https:\/\/abitop.ee\/wp-content\/uploads\/2016\/01\/logo-lined-1-300x67.png 300w\" sizes=\"auto, (max-width: 600px) 100vw, 600px\" \/><\/div><\/div><div class=\" one-half\">[vc_custom_heading text=&#187;\u041e \u043a\u043e\u043c\u043f\u0430\u043d\u0438\u0438&#187; font_container=&#187;tag:p|font_size:50|text_align:left|color:%23ffffff|line_height:60px&#187; google_fonts=&#187;font_family:Open%20Sans%3A300%2C300italic%2Cregular%2Citalic%2C600%2C600italic%2C700%2C700italic%2C800%2C800italic|font_style:300%20light%20regular%3A300%3Anormal&#187; el_class=&#187;title&#187;][vc_custom_heading text=&#187;\u041a\u043e\u043c\u043f\u0430\u043d\u0438\u044f Abi TOP O\u00dc \u043e\u0441\u043d\u043e\u0432\u0430\u043d\u0430 \u0432 2012 \u0433\u043e\u0434\u0443. \u0423 \u043d\u0430\u0441 \u0434\u0432\u0430 \u043e\u0441\u043d\u043e\u0432\u043d\u044b\u0445 \u043d\u0430\u043f\u0440\u0430\u0432\u043b\u0435\u043d\u0438\u044f \u0434\u0435\u044f\u0442\u0435\u043b\u044c\u043d\u043e\u0441\u0442\u0438: \u043e\u0442\u0434\u0435\u043b \u0432\u043d\u0443\u0442\u0440\u0435\u043d\u043d\u0438\u0445 \u043e\u0442\u0434\u0435\u043b\u043e\u0447\u043d\u044b\u0445 \u0440\u0430\u0431\u043e\u0442 \u0438 \u043e\u0442\u0434\u0435\u043b \u0434\u043e\u0440\u043e\u0436\u043d\u043e-\u0441\u0442\u0440\u043e\u0438\u0442\u0435\u043b\u044c\u043d\u044b\u0445 \u0443\u0441\u043b\u0443\u0433. \u0412 \u043a\u043e\u043c\u043f\u0430\u043d\u0438\u0438 \u0440\u0430\u0431\u043e\u0442\u0430\u0435\u0442 \u0431\u043e\u043b\u044c\u0448\u043e\u0439 \u0448\u0442\u0430\u0442 \u043a\u0432\u0430\u043b\u0438\u0444\u0438\u0446\u0438\u0440\u043e\u0432\u0430\u043d\u043d\u044b\u0445 \u0441\u043e\u0442\u0440\u0443\u0434\u043d\u0438\u043a\u043e\u0432, \u0432 \u0440\u0430\u0441\u043f\u043e\u0440\u044f\u0436\u0435\u043d\u0438\u0438 \u043a\u043e\u0442\u043e\u0440\u044b\u0445 \u043d\u043e\u0432\u043e\u0435 \u0441\u043e\u0432\u0440\u0435\u043c\u0435\u043d\u043d\u043e\u0435 \u043e\u0431\u043e\u0440\u0443\u0434\u043e\u0432\u0430\u043d\u0438\u0435 \u0438 \u0438\u043d\u0441\u0442\u0440\u0443\u043c\u0435\u043d\u0442. \u0420\u0430\u0431\u043e\u0442\u0430\u0435\u043c \u043a\u0430\u043a \u0441 \u0431\u043e\u043b\u044c\u0448\u0438\u043c\u0438 \u0437\u0430\u043a\u0430\u0437\u0447\u0438\u043a\u0430\u043c\u0438 \u0442\u0430\u043a \u0438 \u0441 \u0447\u0430\u0441\u0442\u043d\u044b\u043c \u043a\u043b\u0438\u0435\u043d\u0442\u043e\u043c. &#187; font_container=&#187;tag:p|font_size:16|text_align:justify|color:%23ffffff|line_height:24px&#187; google_fonts=&#187;font_family:Open%20Sans%3A300%2C300italic%2Cregular%2Citalic%2C600%2C600italic%2C700%2C700italic%2C800%2C800italic|font_style:300%20light%20regular%3A300%3Anormal&#187;]<\/div><\/div><\/div><\/section><section class=\"l-section wpb_row height_huge with_img\"><div class=\"l-section-img\" style=\"background-image: url(https:\/\/abitop.ee\/wp-content\/uploads\/2016\/01\/bgwhite.jpg);\" data-img-width=\"1920\" data-img-height=\"1080\"><\/div><div class=\"l-section-h g-html i-cf\"><div class=\"g-cols offset_small\"><div class=\" full-width\">[vc_custom_heading text=&#187;\u041f\u0440\u0435\u0438\u043c\u0443\u0449\u0435\u0441\u0442\u0432\u0430 \u043a\u043e\u043c\u043f\u0430\u043d\u0438\u0438&#187; font_container=&#187;tag:p|font_size:50|text_align:center|color:%234474b9|line_height:60px&#187; google_fonts=&#187;font_family:Open%20Sans%3A300%2C300italic%2Cregular%2Citalic%2C600%2C600italic%2C700%2C700italic%2C800%2C800italic|font_style:300%20light%20regular%3A300%3Anormal&#187; el_class=&#187;title&#187;][vc_empty_space height=&#187;80&#8243; el_class=&#187;emptys&#187;]<div class=\"g-cols wpb_row offset_small vc_inner \"><div class=\" one-third\">[vc_custom_heading text=&#187;\u041b\u041e\u042f\u041b\u042c\u041d\u0410\u042f \u0426\u0415\u041d\u0410 &#187; font_container=&#187;tag:p|font_size:35|text_align:left|color:%233d3d3d|line_height:45px&#187; google_fonts=&#187;font_family:Open%20Sans%3A300%2C300italic%2Cregular%2Citalic%2C600%2C600italic%2C700%2C700italic%2C800%2C800italic|font_style:300%20light%20regular%3A300%3Anormal&#187; el_class=&#187;title&#187;]<div class=\"w-separator type_short size_small thick_1 style_solid color_primary cont_none sep-left\"><span class=\"w-separator-h\"><\/span><\/div><div class=\"wpb_text_column \"><div class=\"wpb_wrapper\">\n<p style=\"text-align: left;\">\u041a\u043e\u043d\u043a\u0443\u0440\u0435\u043d\u0442\u043e\u0441\u043f\u043e\u0441\u043e\u0431\u043d\u0430\u044f \u0446\u0435\u043d\u0430, \u043e\u0441\u043d\u043e\u0432\u0430\u043d\u043d\u0430\u044f \u043d\u0430 \u0442\u0435\u043d\u0434\u0435\u043d\u0446\u0438\u044f\u0445 \u0440\u044b\u043d\u043a\u0430<\/p>\n<\/div> <\/div> <\/div><div class=\" one-third\">[vc_custom_heading text=&#187;\u041a\u0410\u0427\u0415\u0421\u0422\u0412\u041e &#187; font_container=&#187;tag:p|font_size:35|text_align:left|color:%233d3d3d|line_height:45px&#187; google_fonts=&#187;font_family:Open%20Sans%3A300%2C300italic%2Cregular%2Citalic%2C600%2C600italic%2C700%2C700italic%2C800%2C800italic|font_style:300%20light%20regular%3A300%3Anormal&#187; el_class=&#187;title&#187;]<div class=\"w-separator type_short size_small thick_1 style_solid color_primary cont_none sep-left\"><span class=\"w-separator-h\"><\/span><\/div><div class=\"wpb_text_column \"><div class=\"wpb_wrapper\">\n<p style=\"text-align: left;\">\u041e\u0442\u043b\u0438\u0447\u043d\u043e\u0435 \u043a\u0430\u0447\u0435\u0441\u0442\u0432\u043e \u0435\u0432\u0440\u043e\u043f\u0435\u0439\u0441\u043a\u043e\u0433\u043e \u0443\u0440\u043e\u0432\u043d\u044f<\/p>\n<\/div> <\/div> <\/div><div class=\" one-third\">[vc_custom_heading text=&#187;\u0421\u0420\u041e\u041a\u0418 \u0412\u042b\u041f\u041e\u041b\u041d\u0415\u041d\u0418\u042f &#187; font_container=&#187;tag:p|font_size:35|text_align:left|color:%233d3d3d|line_height:45px&#187; google_fonts=&#187;font_family:Open%20Sans%3A300%2C300italic%2Cregular%2Citalic%2C600%2C600italic%2C700%2C700italic%2C800%2C800italic|font_style:300%20light%20regular%3A300%3Anormal&#187; el_class=&#187;title&#187;]<div class=\"w-separator type_short size_small thick_1 style_solid color_primary cont_none sep-left\"><span class=\"w-separator-h\"><\/span><\/div><div class=\"wpb_text_column \"><div class=\"wpb_wrapper\">\n<p style=\"text-align: left;\">100% \u0432\u044b\u043f\u043e\u043b\u043d\u0435\u043d\u0438\u0435 \u0440\u0430\u0431\u043e\u0442 \u0432 \u0443\u0441\u0442\u0430\u043d\u043e\u0432\u043b\u0435\u043d\u043d\u044b\u0435 \u0441\u0440\u043e\u043a\u0438<\/p>\n<\/div> <\/div> <\/div><\/div>[vc_empty_space height=&#187;60px&#187;]<div class=\"w-btn-wrapper align_center\"><a class=\"w-btn style_solid size_large color_primary icon_none\" href=\"\/%d0%ba%d0%be%d0%bd%d1%82%d0%b0%d0%ba%d1%82%d1%8b\/\"><span class=\"w-btn-label\">\u0421\u0432\u044f\u0436\u0438\u0442\u0435\u0441\u044c \u0441 \u043d\u0430\u043c\u0438<\/span><\/a><\/div><\/div><\/div><\/div><\/section><section class=\"l-section wpb_row height_huge with_img parallax_ver\"><div class=\"l-section-img\" style=\"background-image: url(https:\/\/abitop.ee\/wp-content\/uploads\/2016\/01\/bg.jpg);\" data-img-width=\"1920\" data-img-height=\"1080\"><\/div><div class=\"l-section-h g-html i-cf\"><div class=\"g-cols offset_small\"><div class=\" full-width\">[vc_custom_heading text=&#187;\u041e\u0442\u0437\u044b\u0432\u044b \u043a\u043b\u0438\u0435\u043d\u0442\u043e\u0432&#187; font_container=&#187;tag:p|font_size:50|text_align:center|color:%23ffffff|line_height:60px&#187; google_fonts=&#187;font_family:Open%20Sans%3A300%2C300italic%2Cregular%2Citalic%2C600%2C600italic%2C700%2C700italic%2C800%2C800italic|font_style:300%20light%20regular%3A300%3Anormal&#187; el_class=&#187;title&#187;][vc_empty_space height=&#187;60px&#187;]<div class=\"g-cols wpb_row offset_small vc_inner \"><div class=\" one-half\"><div class=\"w-testimonial style_4 test-white\"><blockquote><q class=\"w-testimonial-text\">Olen koos teiega teinud juba mitmeid objekte ja iga kord on koost\u00f6\u00f6 olnud v\u00e4ga sujuv.<\/q><div class=\"w-testimonial-person\"><span class=\"w-testimonial-person-name\"><span>Andres Puusepp<\/span><\/span><span class=\"w-testimonial-person-meta\">Erefi Ehitus O\u00dc<\/span><\/div><\/blockquote><\/div><\/div><div class=\" one-half\"><div class=\"w-testimonial style_4 test-white\"><blockquote><q class=\"w-testimonial-text\">Kvaliteetne t\u00f6\u00f6, asjatundlikud n\u00f5uanded, suur kogemustepagas, lubadustest kinnipidamine &#8212; need on m\u00e4rks\u00f5nad koost\u00f6\u00f6st Abi TOP-ga.<\/q><div class=\"w-testimonial-person\"><span class=\"w-testimonial-person-name\"><span>Madis <\/span><\/span><span class=\"w-testimonial-person-meta\">Eraisik<\/span><\/div><\/blockquote><\/div><\/div><\/div><\/div><\/div><\/div><\/section>\n","protected":false},"excerpt":{"rendered":"[rev_slider_vc alias=\"mainpage\"][vc_empty_space height=\"76px\"][vc_custom_heading text=\"\u041e \u043a\u043e\u043c\u043f\u0430\u043d\u0438\u0438\" font_container=\"tag:p|font_size:50|text_align:left|color:%23ffffff|line_height:60px\" google_fonts=\"font_family:Open%20Sans%3A300%2C300italic%2Cregular%2Citalic%2C600%2C600italic%2C700%2C700italic%2C800%2C800italic|font_style:300%20light%20regular%3A300%3Anormal\" el_class=\"title\"][vc_custom_heading text=\"\u041a\u043e\u043c\u043f\u0430\u043d\u0438\u044f Abi TOP O\u00dc \u043e\u0441\u043d\u043e\u0432\u0430\u043d\u0430 \u0432 2012 \u0433\u043e\u0434\u0443. \u0423 \u043d\u0430\u0441 \u0434\u0432\u0430 \u043e\u0441\u043d\u043e\u0432\u043d\u044b\u0445 \u043d\u0430\u043f\u0440\u0430\u0432\u043b\u0435\u043d\u0438\u044f \u0434\u0435\u044f\u0442\u0435\u043b\u044c\u043d\u043e\u0441\u0442\u0438: \u043e\u0442\u0434\u0435\u043b \u0432\u043d\u0443\u0442\u0440\u0435\u043d\u043d\u0438\u0445 \u043e\u0442\u0434\u0435\u043b\u043e\u0447\u043d\u044b\u0445 \u0440\u0430\u0431\u043e\u0442 \u0438 \u043e\u0442\u0434\u0435\u043b \u0434\u043e\u0440\u043e\u0436\u043d\u043e-\u0441\u0442\u0440\u043e\u0438\u0442\u0435\u043b\u044c\u043d\u044b\u0445 \u0443\u0441\u043b\u0443\u0433. \u0412 \u043a\u043e\u043c\u043f\u0430\u043d\u0438\u0438 \u0440\u0430\u0431\u043e\u0442\u0430\u0435\u0442 \u0431\u043e\u043b\u044c\u0448\u043e\u0439 \u0448\u0442\u0430\u0442 \u043a\u0432\u0430\u043b\u0438\u0444\u0438\u0446\u0438\u0440\u043e\u0432\u0430\u043d\u043d\u044b\u0445 \u0441\u043e\u0442\u0440\u0443\u0434\u043d\u0438\u043a\u043e\u0432, \u0432 \u0440\u0430\u0441\u043f\u043e\u0440\u044f\u0436\u0435\u043d\u0438\u0438 \u043a\u043e\u0442\u043e\u0440\u044b\u0445 \u043d\u043e\u0432\u043e\u0435 \u0441\u043e\u0432\u0440\u0435\u043c\u0435\u043d\u043d\u043e\u0435 \u043e\u0431\u043e\u0440\u0443\u0434\u043e\u0432\u0430\u043d\u0438\u0435 \u0438 \u0438\u043d\u0441\u0442\u0440\u0443\u043c\u0435\u043d\u0442. \u0420\u0430\u0431\u043e\u0442\u0430\u0435\u043c \u043a\u0430\u043a \u0441 \u0431\u043e\u043b\u044c\u0448\u0438\u043c\u0438 \u0437\u0430\u043a\u0430\u0437\u0447\u0438\u043a\u0430\u043c\u0438 \u0442\u0430\u043a \u0438 \u0441 \u0447\u0430\u0441\u0442\u043d\u044b\u043c \u043a\u043b\u0438\u0435\u043d\u0442\u043e\u043c....","protected":false},"author":1,"featured_media":0,"parent":0,"menu_order":0,"comment_status":"closed","ping_status":"closed","template":"","meta":{"footnotes":""},"class_list":["post-208","page","type-page","status-publish","hentry"],"yoast_head":"<!-- This site is optimized with the Yoast SEO plugin v27.4 - https:\/\/yoast.com\/product\/yoast-seo-wordpress\/ -->\n<title>\u0413\u043b\u0430\u0432\u043d\u0430\u044f - AbiTop<\/title>\n<meta name=\"robots\" content=\"index, follow, max-snippet:-1, max-image-preview:large, max-video-preview:-1\" \/>\n<link rel=\"canonical\" href=\"https:\/\/abitop.ee\/ru\/\" \/>\n<meta property=\"og:locale\" content=\"ru_RU\" \/>\n<meta property=\"og:type\" content=\"article\" \/>\n<meta property=\"og:title\" content=\"\u0413\u043b\u0430\u0432\u043d\u0430\u044f - AbiTop\" \/>\n<meta property=\"og:url\" content=\"https:\/\/abitop.ee\/ru\/\" \/>\n<meta property=\"og:site_name\" content=\"AbiTop\" \/>\n<meta property=\"article:modified_time\" content=\"2017-04-28T10:38:23+00:00\" \/>\n<meta name=\"twitter:card\" content=\"summary_large_image\" \/>\n<meta name=\"twitter:label1\" content=\"\u041f\u0440\u0438\u043c\u0435\u0440\u043d\u043e\u0435 \u0432\u0440\u0435\u043c\u044f \u0434\u043b\u044f \u0447\u0442\u0435\u043d\u0438\u044f\" \/>\n\t<meta name=\"twitter:data1\" content=\"3 \u043c\u0438\u043d\u0443\u0442\u044b\" \/>\n<script type=\"application\/ld+json\" class=\"yoast-schema-graph\">{\"@context\":\"https:\\\/\\\/schema.org\",\"@graph\":[{\"@type\":\"WebPage\",\"@id\":\"https:\\\/\\\/abitop.ee\\\/ru\\\/\",\"url\":\"https:\\\/\\\/abitop.ee\\\/ru\\\/\",\"name\":\"\u0413\u043b\u0430\u0432\u043d\u0430\u044f - AbiTop\",\"isPartOf\":{\"@id\":\"https:\\\/\\\/www.abitop.ee\\\/ru\\\/#website\"},\"datePublished\":\"2016-01-27T12:18:01+00:00\",\"dateModified\":\"2017-04-28T10:38:23+00:00\",\"breadcrumb\":{\"@id\":\"https:\\\/\\\/abitop.ee\\\/ru\\\/#breadcrumb\"},\"inLanguage\":\"ru-RU\",\"potentialAction\":[{\"@type\":\"ReadAction\",\"target\":[\"https:\\\/\\\/abitop.ee\\\/ru\\\/\"]}]},{\"@type\":\"BreadcrumbList\",\"@id\":\"https:\\\/\\\/abitop.ee\\\/ru\\\/#breadcrumb\",\"itemListElement\":[{\"@type\":\"ListItem\",\"position\":1,\"name\":\"Home\",\"item\":\"https:\\\/\\\/abitop.ee\\\/ru\\\/\"},{\"@type\":\"ListItem\",\"position\":2,\"name\":\"\u0413\u043b\u0430\u0432\u043d\u0430\u044f\"}]},{\"@type\":\"WebSite\",\"@id\":\"https:\\\/\\\/www.abitop.ee\\\/ru\\\/#website\",\"url\":\"https:\\\/\\\/www.abitop.ee\\\/ru\\\/\",\"name\":\"AbiTop\",\"description\":\"\",\"potentialAction\":[{\"@type\":\"SearchAction\",\"target\":{\"@type\":\"EntryPoint\",\"urlTemplate\":\"https:\\\/\\\/www.abitop.ee\\\/ru\\\/?s={search_term_string}\"},\"query-input\":{\"@type\":\"PropertyValueSpecification\",\"valueRequired\":true,\"valueName\":\"search_term_string\"}}],\"inLanguage\":\"ru-RU\"}]}<\/script>\n<!-- \/ Yoast SEO plugin. -->","yoast_head_json":{"title":"\u0413\u043b\u0430\u0432\u043d\u0430\u044f - AbiTop","robots":{"index":"index","follow":"follow","max-snippet":"max-snippet:-1","max-image-preview":"max-image-preview:large","max-video-preview":"max-video-preview:-1"},"canonical":"https:\/\/abitop.ee\/ru\/","og_locale":"ru_RU","og_type":"article","og_title":"\u0413\u043b\u0430\u0432\u043d\u0430\u044f - AbiTop","og_url":"https:\/\/abitop.ee\/ru\/","og_site_name":"AbiTop","article_modified_time":"2017-04-28T10:38:23+00:00","twitter_card":"summary_large_image","twitter_misc":{"\u041f\u0440\u0438\u043c\u0435\u0440\u043d\u043e\u0435 \u0432\u0440\u0435\u043c\u044f \u0434\u043b\u044f \u0447\u0442\u0435\u043d\u0438\u044f":"3 \u043c\u0438\u043d\u0443\u0442\u044b"},"schema":{"@context":"https:\/\/schema.org","@graph":[{"@type":"WebPage","@id":"https:\/\/abitop.ee\/ru\/","url":"https:\/\/abitop.ee\/ru\/","name":"\u0413\u043b\u0430\u0432\u043d\u0430\u044f - AbiTop","isPartOf":{"@id":"https:\/\/www.abitop.ee\/ru\/#website"},"datePublished":"2016-01-27T12:18:01+00:00","dateModified":"2017-04-28T10:38:23+00:00","breadcrumb":{"@id":"https:\/\/abitop.ee\/ru\/#breadcrumb"},"inLanguage":"ru-RU","potentialAction":[{"@type":"ReadAction","target":["https:\/\/abitop.ee\/ru\/"]}]},{"@type":"BreadcrumbList","@id":"https:\/\/abitop.ee\/ru\/#breadcrumb","itemListElement":[{"@type":"ListItem","position":1,"name":"Home","item":"https:\/\/abitop.ee\/ru\/"},{"@type":"ListItem","position":2,"name":"\u0413\u043b\u0430\u0432\u043d\u0430\u044f"}]},{"@type":"WebSite","@id":"https:\/\/www.abitop.ee\/ru\/#website","url":"https:\/\/www.abitop.ee\/ru\/","name":"AbiTop","description":"","potentialAction":[{"@type":"SearchAction","target":{"@type":"EntryPoint","urlTemplate":"https:\/\/www.abitop.ee\/ru\/?s={search_term_string}"},"query-input":{"@type":"PropertyValueSpecification","valueRequired":true,"valueName":"search_term_string"}}],"inLanguage":"ru-RU"}]}},"_links":{"self":[{"href":"https:\/\/abitop.ee\/ru\/wp-json\/wp\/v2\/pages\/208","targetHints":{"allow":["GET"]}}],"collection":[{"href":"https:\/\/abitop.ee\/ru\/wp-json\/wp\/v2\/pages"}],"about":[{"href":"https:\/\/abitop.ee\/ru\/wp-json\/wp\/v2\/types\/page"}],"author":[{"embeddable":true,"href":"https:\/\/abitop.ee\/ru\/wp-json\/wp\/v2\/users\/1"}],"replies":[{"embeddable":true,"href":"https:\/\/abitop.ee\/ru\/wp-json\/wp\/v2\/comments?post=208"}],"version-history":[{"count":5,"href":"https:\/\/abitop.ee\/ru\/wp-json\/wp\/v2\/pages\/208\/revisions"}],"predecessor-version":[{"id":647,"href":"https:\/\/abitop.ee\/ru\/wp-json\/wp\/v2\/pages\/208\/revisions\/647"}],"wp:attachment":[{"href":"https:\/\/abitop.ee\/ru\/wp-json\/wp\/v2\/media?parent=208"}],"curies":[{"name":"wp","href":"https:\/\/api.w.org\/{rel}","templated":true}]}}