{"id":252,"date":"2016-01-28T17:54:05","date_gmt":"2016-01-28T17:54:05","guid":{"rendered":"https:\/\/www.abitop.ee\/en\/kontaktid\/"},"modified":"2021-10-15T09:37:48","modified_gmt":"2021-10-15T06:37:48","slug":"kontaktid","status":"publish","type":"page","link":"https:\/\/abitop.ee\/en\/kontaktid\/","title":{"rendered":"Contact us"},"content":{"rendered":"<section class=\"l-section wpb_row height_large with_img\"><div class=\"l-section-img\" style=\"background-image: url(https:\/\/abitop.ee\/wp-content\/uploads\/2016\/01\/bgwhite2.jpg);\" data-img-width=\"1920\" data-img-height=\"1080\"><\/div><div class=\"l-section-h g-html i-cf\"><div class=\"g-cols offset_small\"><div class=\" full-width\"><div class=\"g-cols wpb_row offset_small vc_inner \"><div class=\" one-third\">[vc_custom_heading source=&#8221;post_title&#8221; font_container=&#8221;tag:h2|font_size:50|text_align:left|color:%234474b9|line_height:60px&#8221; google_fonts=&#8221;font_family:Open%20Sans%3A300%2C300italic%2Cregular%2Citalic%2C600%2C600italic%2C700%2C700italic%2C800%2C800italic|font_style:300%20light%20regular%3A300%3Anormal&#8221; el_class=&#8221;title&#8221;]<div class=\"wpb_text_column \"><div class=\"wpb_wrapper\"><strong>Abi TOP O\u00dc<\/strong><\/p>\n<p>Reg. number: 12353169<br \/>\nKMKR nr: EE101589569<\/div> <\/div> <div class=\"wpb_text_column \"><div class=\"wpb_wrapper\"><p>MTR number: EEH008125 (\u00fcldehituslik ehitamine)<br \/>\nAdress: J. S\u00fctiste tee 14-40, Tallinn, 13411, Harjumaa, Estonia<br \/>\nOffice: S\u00e4\u00e4se tn 12 &#8211; 4, Tallinn, 12916,\u00a0Harjumaa, Estonia<\/p><\/div> <\/div> <div class=\"wpb_text_column \"><div class=\"wpb_wrapper\"><p>Phone: <a href=\"call:+37258232088\">+372 58 23 2088<\/a><br \/>\nE-mail: <a href=\"mailto:info@abitop.ee\">info@abitop.ee<\/a><br \/>\nE-mail: <a href=\"mailto:artur@abitop.ee\">artur@abitop.ee<\/a><\/p><\/div> <\/div> <\/div><div class=\" two-thirds\">\n<div class=\"wpcf7 no-js\" id=\"wpcf7-f277-o1\" lang=\"en-US\" dir=\"ltr\" data-wpcf7-id=\"277\">\n<div class=\"screen-reader-response\"><p role=\"status\" aria-live=\"polite\" aria-atomic=\"true\"><\/p> <ul><\/ul><\/div>\n<form action=\"\/en\/wp-json\/wp\/v2\/pages\/252#wpcf7-f277-o1\" method=\"post\" class=\"wpcf7-form init\" aria-label=\"Contact form\" novalidate=\"novalidate\" data-status=\"init\">\n<fieldset class=\"hidden-fields-container\"><input type=\"hidden\" name=\"_wpcf7\" value=\"277\" \/><input type=\"hidden\" name=\"_wpcf7_version\" value=\"6.1.2\" \/><input type=\"hidden\" name=\"_wpcf7_locale\" value=\"en_US\" \/><input type=\"hidden\" name=\"_wpcf7_unit_tag\" value=\"wpcf7-f277-o1\" \/><input type=\"hidden\" name=\"_wpcf7_container_post\" value=\"0\" \/><input type=\"hidden\" name=\"_wpcf7_posted_data_hash\" value=\"\" \/><input type=\"hidden\" name=\"_wpcf7_recaptcha_response\" value=\"\" \/>\n<\/fieldset>\n<p><span class=\"wpcf7-form-control-wrap\" data-name=\"text-864\"><input size=\"40\" maxlength=\"400\" class=\"wpcf7-form-control wpcf7-text wpcf7-validates-as-required form-name\" id=\"form-name\" aria-required=\"true\" aria-invalid=\"false\" placeholder=\"name\" value=\"\" type=\"text\" name=\"text-864\" \/><\/span>\n<\/p>\n<p><span class=\"wpcf7-form-control-wrap\" data-name=\"email-634\"><input size=\"40\" maxlength=\"400\" class=\"wpcf7-form-control wpcf7-email wpcf7-validates-as-required wpcf7-text wpcf7-validates-as-email form-email\" id=\"form-email\" aria-required=\"true\" aria-invalid=\"false\" placeholder=\"E-mail\" value=\"\" type=\"email\" name=\"email-634\" \/><\/span>\n<\/p>\n<p><span class=\"wpcf7-form-control-wrap\" data-name=\"tel-708\"><input size=\"40\" maxlength=\"400\" class=\"wpcf7-form-control wpcf7-tel wpcf7-text wpcf7-validates-as-tel form-tel\" id=\"form-tel\" aria-invalid=\"false\" placeholder=\"Phone\" value=\"\" type=\"tel\" name=\"tel-708\" \/><\/span>\n<\/p>\n<p><span class=\"wpcf7-form-control-wrap\" data-name=\"textarea-466\"><textarea cols=\"40\" rows=\"10\" maxlength=\"2000\" class=\"wpcf7-form-control wpcf7-textarea wpcf7-validates-as-required form-msg\" id=\"form-msg\" aria-required=\"true\" aria-invalid=\"false\" placeholder=\"Message\" name=\"textarea-466\"><\/textarea><\/span>\n<\/p>\n\n<p><input class=\"wpcf7-form-control wpcf7-submit has-spinner\" type=\"submit\" value=\"Send\" \/>\n<\/p><div class=\"wpcf7-response-output\" aria-hidden=\"true\"><\/div>\n<\/form>\n<\/div>\n<\/div><\/div>[vc_empty_space height=&#8221;50px&#8221;]<div class=\"g-cols wpb_row offset_small vc_inner \"><div class=\" full-width\"><div id='wrap_map_69d7b7876d6bb' class='ultimate-map-wrapper ult-adjust-bottom-margin ' style='height:300px;'><div id='map_69d7b7876d6bb' data-map_override='0' class='ultimate_google_map wpb_content_element page_margin_top' style='width:100%;height:300px;'><\/div><\/div><script type='text\/javascript'>\n\t\t\t(function($) {\n  \t\t\t'use strict';\n\t\t\tvar map_map_69d7b7876d6bb = null;\n\t\t\tvar coordinate_map_69d7b7876d6bb;\n\t\t\tvar isDraggable = $(document).width() > 641 ? true : true;\n\t\t\ttry\n\t\t\t{\n\t\t\t\tvar map_map_69d7b7876d6bb = null;\n\t\t\t\tvar coordinate_map_69d7b7876d6bb;\n\t\t\t\tcoordinate_map_69d7b7876d6bb=new google.maps.LatLng(59.4083664, 24.6916878);\n\t\t\t\tvar mapOptions=\n\t\t\t\t{\n\t\t\t\t\tzoom: 15,\n\t\t\t\t\tcenter: coordinate_map_69d7b7876d6bb,\n\t\t\t\t\tscaleControl: true,\n\t\t\t\t\tstreetViewControl: false,\n\t\t\t\t\tmapTypeControl: false,\n\t\t\t\t\tpanControl: false,\n\t\t\t\t\tzoomControl: false,\n\t\t\t\t\tscrollwheel: true,\n\t\t\t\t\tdraggable: isDraggable,\n\t\t\t\t\tzoomControlOptions: {\n\t\t\t\t\t  style: google.maps.ZoomControlStyle.SMALL\n\t\t\t\t\t},mapTypeId: google.maps.MapTypeId.ROADMAP,};var map_map_69d7b7876d6bb = new google.maps.Map(document.getElementById('map_69d7b7876d6bb'),mapOptions);\n\t\t\t\t\t\tvar x = 'infowindow_open_value';\n\t\t\t\t\t\tvar marker_map_69d7b7876d6bb = new google.maps.Marker({\n\t\t\t\t\t\tposition: new google.maps.LatLng(59.4083664, 24.6916878),\n\t\t\t\t\t\tanimation:  google.maps.Animation.DROP,\n\t\t\t\t\t\tmap: map_map_69d7b7876d6bb,\n\t\t\t\t\t\ticon: ''\n\t\t\t\t\t});\n\t\t\t\t\tgoogle.maps.event.addListener(marker_map_69d7b7876d6bb, 'click', toggleBounce);}\n\t\t\tcatch(e){};\n\t\t\tjQuery(document).ready(function($){\n\t\t\t\tgoogle.maps.event.trigger(map_map_69d7b7876d6bb, 'resize');\n\t\t\t\t$(window).resize(function(){\n\t\t\t\t\tgoogle.maps.event.trigger(map_map_69d7b7876d6bb, 'resize');\n\t\t\t\t\tif(map_map_69d7b7876d6bb!=null)\n\t\t\t\t\t\tmap_map_69d7b7876d6bb.setCenter(coordinate_map_69d7b7876d6bb);\n\t\t\t\t});\n\t\t\t\t$('.ui-tabs').bind('tabsactivate', function(event, ui) {\n\t\t\t\t   if($(this).find('.ultimate-map-wrapper').length > 0)\n\t\t\t\t\t{\n\t\t\t\t\t\tsetTimeout(function(){\n\t\t\t\t\t\t\t$(window).trigger('resize');\n\t\t\t\t\t\t},200);\n\t\t\t\t\t}\n\t\t\t\t});\n\t\t\t\t$('.ui-accordion').bind('accordionactivate', function(event, ui) {\n\t\t\t\t   if($(this).find('.ultimate-map-wrapper').length > 0)\n\t\t\t\t\t{\n\t\t\t\t\t\tsetTimeout(function(){\n\t\t\t\t\t\t\t$(window).trigger('resize');\n\t\t\t\t\t\t},200);\n\t\t\t\t\t}\n\t\t\t\t});\n\t\t\t\t$(window).load(function(){\n\t\t\t\t\tsetTimeout(function(){\n\t\t\t\t\t\t$(window).trigger('resize');\n\t\t\t\t\t},200);\n\t\t\t\t});\n\t\t\t\t$('.ult_exp_section').select(function(){\n\t\t\t\t\tif($(map_map_69d7b7876d6bb).parents('.ult_exp_section'))\n\t\t\t\t\t{\n\t\t\t\t\t\tsetTimeout(function(){\n\t\t\t\t\t\t\t$(window).trigger('resize');\n\t\t\t\t\t\t},200);\n\t\t\t\t\t}\n\t\t\t\t});\n\t\t\t\t$(document).on('onUVCModalPopupOpen', function(){\n\t\t\t\t\tif($(map_map_69d7b7876d6bb).parents('.ult_modal-content'))\n\t\t\t\t\t{\n\t\t\t\t\t\tsetTimeout(function(){\n\t\t\t\t\t\t\t$(window).trigger('resize');\n\t\t\t\t\t\t},200);\n\t\t\t\t\t}\n\t\t\t\t});\n\t\t\t\t$(document).on('click','.ult_tab_li',function(){\n\t\t\t\t\t$(window).trigger('resize');\n\t\t\t\t\tsetTimeout(function(){\n\t\t\t\t\t\t$(window).trigger('resize');\n\t\t\t\t\t},200);\n\t\t\t\t});\n\t\t\t});\n\t\t\tfunction toggleBounce() {\n\t\t\t  if (marker_map_69d7b7876d6bb.getAnimation() != null) {\n\t\t\t\tmarker_map_69d7b7876d6bb.setAnimation(null);\n\t\t\t  } else {\n\t\t\t\tmarker_map_69d7b7876d6bb.setAnimation(google.maps.Animation.BOUNCE);\n\t\t\t  }\n\t\t\t}\n\t\t\t})(jQuery);\n\t\t\t<\/script><\/div><\/div>[vc_empty_space height=&#8221;50px&#8221;]<div class=\"w-separator type_default size_medium thick_1 style_solid color_border cont_none\"><span class=\"w-separator-h\"><\/span><\/div>[vc_custom_heading text=&#8221;Our Partners&#8221; font_container=&#8221;tag:h1|font_size:50|text_align:center|color:%234474b9|line_height:60px&#8221; google_fonts=&#8221;font_family:Open%20Sans%3A300%2C300italic%2Cregular%2Citalic%2C600%2C600italic%2C700%2C700italic%2C800%2C800italic|font_style:300%20light%20regular%3A300%3Anormal&#8221;][vc_empty_space height=&#8221;80&#8243;]<div class=\"g-cols wpb_row offset_small vc_inner \"><div class=\" one-third\"><div class=\"w-image  align_center\"><img loading=\"lazy\" decoding=\"async\" width=\"300\" height=\"169\" src=\"https:\/\/abitop.ee\/wp-content\/uploads\/2016\/01\/varvikeskus.jpg\" class=\"attachment-full size-full\" alt=\"\" \/><\/div>[vc_custom_heading text=&#8221;V\u00e4rvikeskuste Grupp O\u00dc&#8221; font_container=&#8221;tag:p|font_size:18|text_align:center|color:%234f4f4f|line_height:24px&#8221; google_fonts=&#8221;font_family:Open%20Sans%3A300%2C300italic%2Cregular%2Citalic%2C600%2C600italic%2C700%2C700italic%2C800%2C800italic|font_style:300%20light%20regular%3A300%3Anormal&#8221;]<\/div><div class=\" one-third\"><div class=\"w-image  align_center\"><img loading=\"lazy\" decoding=\"async\" width=\"300\" height=\"169\" src=\"https:\/\/abitop.ee\/wp-content\/uploads\/2016\/01\/cramo.jpg\" class=\"attachment-full size-full\" alt=\"\" \/><\/div>[vc_custom_heading text=&#8221;Cramo Estonia AS&#8221; font_container=&#8221;tag:p|font_size:18|text_align:center|color:%234f4f4f|line_height:24px&#8221; google_fonts=&#8221;font_family:Open%20Sans%3A300%2C300italic%2Cregular%2Citalic%2C600%2C600italic%2C700%2C700italic%2C800%2C800italic|font_style:300%20light%20regular%3A300%3Anormal&#8221;]<\/div><div class=\" one-third\"><div class=\"w-image  align_center\"><img loading=\"lazy\" decoding=\"async\" width=\"300\" height=\"169\" src=\"https:\/\/abitop.ee\/wp-content\/uploads\/2016\/01\/abc.jpg\" class=\"attachment-full size-full\" alt=\"\" \/><\/div>[vc_custom_heading text=&#8221;Optimera Estonia AS&#8221; font_container=&#8221;tag:p|font_size:18|text_align:center|color:%234f4f4f|line_height:24px&#8221; google_fonts=&#8221;font_family:Open%20Sans%3A300%2C300italic%2Cregular%2Citalic%2C600%2C600italic%2C700%2C700italic%2C800%2C800italic|font_style:300%20light%20regular%3A300%3Anormal&#8221;]<\/div><\/div><div class=\"w-separator type_default size_medium thick_1 style_solid color_border cont_none\"><span class=\"w-separator-h\"><\/span><\/div><div class=\"g-cols wpb_row offset_small vc_inner \"><div class=\" one-third\"><div class=\"w-image  align_center\"><img loading=\"lazy\" decoding=\"async\" width=\"300\" height=\"169\" src=\"https:\/\/abitop.ee\/wp-content\/uploads\/2016\/01\/erifehitus-1.jpg\" class=\"attachment-full size-full\" alt=\"\" \/><\/div>[vc_custom_heading text=&#8221;Erefi Ehitus O\u00dc&#8221; font_container=&#8221;tag:p|font_size:18|text_align:center|color:%234f4f4f|line_height:24px&#8221; google_fonts=&#8221;font_family:Open%20Sans%3A300%2C300italic%2Cregular%2Citalic%2C600%2C600italic%2C700%2C700italic%2C800%2C800italic|font_style:300%20light%20regular%3A300%3Anormal&#8221;]<\/div><div class=\" one-third\"><div class=\"w-image  align_center\"><img loading=\"lazy\" decoding=\"async\" width=\"300\" height=\"169\" src=\"https:\/\/abitop.ee\/wp-content\/uploads\/2016\/01\/lacore.jpg\" class=\"attachment-full size-full\" alt=\"\" \/><\/div>[vc_custom_heading text=&#8221;Lacore O\u00dc&#8221; font_container=&#8221;tag:p|font_size:18|text_align:center|color:%234f4f4f|line_height:24px&#8221; google_fonts=&#8221;font_family:Open%20Sans%3A300%2C300italic%2Cregular%2Citalic%2C600%2C600italic%2C700%2C700italic%2C800%2C800italic|font_style:300%20light%20regular%3A300%3Anormal&#8221;]<\/div><div class=\" one-third\"><div class=\"w-image  align_center\"><img loading=\"lazy\" decoding=\"async\" width=\"300\" height=\"169\" src=\"https:\/\/abitop.ee\/wp-content\/uploads\/2016\/01\/stafit.jpg\" class=\"attachment-full size-full\" alt=\"\" \/><\/div>[vc_custom_heading text=&#8221;Stafit O\u00dc&#8221; font_container=&#8221;tag:p|font_size:18|text_align:center|color:%234f4f4f|line_height:24px&#8221; google_fonts=&#8221;font_family:Open%20Sans%3A300%2C300italic%2Cregular%2Citalic%2C600%2C600italic%2C700%2C700italic%2C800%2C800italic|font_style:300%20light%20regular%3A300%3Anormal&#8221;]<\/div><\/div>[vc_empty_space height=&#8221;80&#8243;][vc_custom_heading text=&#8221;Our Clients&#8221; font_container=&#8221;tag:h1|font_size:50|text_align:center|color:%234474b9|line_height:60px&#8221; google_fonts=&#8221;font_family:Open%20Sans%3A300%2C300italic%2Cregular%2Citalic%2C600%2C600italic%2C700%2C700italic%2C800%2C800italic|font_style:300%20light%20regular%3A300%3Anormal&#8221;][vc_empty_space height=&#8221;80&#8243;]<div class=\"g-cols wpb_row offset_small vc_inner \"><div class=\" one-third\"><div class=\"w-image  align_center\"><img loading=\"lazy\" decoding=\"async\" width=\"300\" height=\"169\" src=\"https:\/\/abitop.ee\/wp-content\/uploads\/2016\/01\/nordicon.jpg\" class=\"attachment-full size-full\" alt=\"\" \/><\/div>[vc_custom_heading text=&#8221;Nordecon AS&#8221; font_container=&#8221;tag:p|font_size:18|text_align:center|color:%234f4f4f|line_height:24px&#8221; google_fonts=&#8221;font_family:Open%20Sans%3A300%2C300italic%2Cregular%2Citalic%2C600%2C600italic%2C700%2C700italic%2C800%2C800italic|font_style:300%20light%20regular%3A300%3Anormal&#8221;]<\/div><div class=\" one-third\"><div class=\"w-image  align_center\"><img loading=\"lazy\" decoding=\"async\" width=\"300\" height=\"169\" src=\"https:\/\/abitop.ee\/wp-content\/uploads\/2016\/01\/fund.jpg\" class=\"attachment-full size-full\" alt=\"\" \/><\/div>[vc_custom_heading text=&#8221;Fund Ehitus O\u00dc&#8221; font_container=&#8221;tag:p|font_size:18|text_align:center|color:%234f4f4f|line_height:24px&#8221; google_fonts=&#8221;font_family:Open%20Sans%3A300%2C300italic%2Cregular%2Citalic%2C600%2C600italic%2C700%2C700italic%2C800%2C800italic|font_style:300%20light%20regular%3A300%3Anormal&#8221;]<\/div><div class=\" one-third\"><div class=\"w-image  align_center\"><img loading=\"lazy\" decoding=\"async\" width=\"300\" height=\"169\" src=\"https:\/\/abitop.ee\/wp-content\/uploads\/2016\/01\/tarrest.jpg\" class=\"attachment-full size-full\" alt=\"\" \/><\/div>[vc_custom_heading text=&#8221;Tarrest LT O\u00dc&#8221; font_container=&#8221;tag:p|font_size:18|text_align:center|color:%234f4f4f|line_height:24px&#8221; google_fonts=&#8221;font_family:Open%20Sans%3A300%2C300italic%2Cregular%2Citalic%2C600%2C600italic%2C700%2C700italic%2C800%2C800italic|font_style:300%20light%20regular%3A300%3Anormal&#8221;]<\/div><\/div><div class=\"w-separator type_default size_medium thick_1 style_solid color_border cont_none\"><span class=\"w-separator-h\"><\/span><\/div><div class=\"g-cols wpb_row offset_small vc_inner \"><div class=\" one-third\"><div class=\"w-image  align_center\"><img loading=\"lazy\" decoding=\"async\" width=\"300\" height=\"169\" src=\"https:\/\/abitop.ee\/wp-content\/uploads\/2016\/01\/swiss.jpg\" class=\"attachment-full size-full\" alt=\"\" \/><\/div>[vc_custom_heading text=&#8221;Swiss Property AS&#8221; font_container=&#8221;tag:p|font_size:18|text_align:center|color:%234f4f4f|line_height:24px&#8221; google_fonts=&#8221;font_family:Open%20Sans%3A300%2C300italic%2Cregular%2Citalic%2C600%2C600italic%2C700%2C700italic%2C800%2C800italic|font_style:300%20light%20regular%3A300%3Anormal&#8221;]<\/div><div class=\" one-third\"><div class=\"w-image  align_center\"><img loading=\"lazy\" decoding=\"async\" width=\"300\" height=\"169\" src=\"https:\/\/abitop.ee\/wp-content\/uploads\/2016\/01\/merko.jpg\" class=\"attachment-full size-full\" alt=\"\" \/><\/div>[vc_custom_heading text=&#8221;AS Merko Ehitus Eesti&#8221; font_container=&#8221;tag:p|font_size:18|text_align:center|color:%234f4f4f|line_height:24px&#8221; google_fonts=&#8221;font_family:Open%20Sans%3A300%2C300italic%2Cregular%2Citalic%2C600%2C600italic%2C700%2C700italic%2C800%2C800italic|font_style:300%20light%20regular%3A300%3Anormal&#8221;]<\/div><div class=\" one-third\"><\/div><\/div><\/div><\/div><\/div><\/section>\n","protected":false},"excerpt":{"rendered":"[vc_custom_heading source=\"post_title\" font_container=\"tag:h2|font_size:50|text_align:left|color:%234474b9|line_height:60px\" google_fonts=\"font_family:Open%20Sans%3A300%2C300italic%2Cregular%2Citalic%2C600%2C600italic%2C700%2C700italic%2C800%2C800italic|font_style:300%20light%20regular%3A300%3Anormal\" el_class=\"title\"]Abi TOP O\u00dc Reg. number: 12353169 KMKR nr: EE101589569 MTR number: EEH008125 (\u00fcldehituslik ehitamine) Adress: J. S\u00fctiste tee 14-40, Tallinn, 13411, Harjumaa, Estonia Office: S\u00e4\u00e4se tn 12 - 4, Tallinn, 12916,\u00a0Harjumaa, Estonia Phone: +372 58 23 2088 E-mail: info@abitop.ee E-mail: artur@abitop.ee [vc_empty_space height=\"50px\"][vc_empty_space height=\"50px\"][vc_custom_heading text=\"Our Partners\" font_container=\"tag:h1|font_size:50|text_align:center|color:%234474b9|line_height:60px\" google_fonts=\"font_family:Open%20Sans%3A300%2C300italic%2Cregular%2Citalic%2C600%2C600italic%2C700%2C700italic%2C800%2C800italic|font_style:300%20light%20regular%3A300%3Anormal\"][vc_empty_space height=\"80\"][vc_custom_heading text=\"V\u00e4rvikeskuste Grupp...","protected":false},"author":1,"featured_media":0,"parent":0,"menu_order":0,"comment_status":"closed","ping_status":"closed","template":"","meta":{"footnotes":""},"class_list":["post-252","page","type-page","status-publish","hentry"],"yoast_head":"<!-- This site is optimized with the Yoast SEO plugin v27.3 - https:\/\/yoast.com\/product\/yoast-seo-wordpress\/ -->\n<title>Contact us - AbiTop<\/title>\n<meta name=\"robots\" content=\"index, follow, max-snippet:-1, max-image-preview:large, max-video-preview:-1\" \/>\n<link rel=\"canonical\" href=\"https:\/\/abitop.ee\/en\/kontaktid\/\" \/>\n<meta property=\"og:locale\" content=\"en_US\" \/>\n<meta property=\"og:type\" content=\"article\" \/>\n<meta property=\"og:title\" content=\"Contact us - AbiTop\" \/>\n<meta property=\"og:url\" content=\"https:\/\/abitop.ee\/en\/kontaktid\/\" \/>\n<meta property=\"og:site_name\" content=\"AbiTop\" \/>\n<meta property=\"article:modified_time\" content=\"2021-10-15T06:37:48+00:00\" \/>\n<meta name=\"twitter:card\" content=\"summary_large_image\" \/>\n<meta name=\"twitter:label1\" content=\"Est. reading time\" \/>\n\t<meta name=\"twitter:data1\" content=\"5 minutes\" \/>\n<script type=\"application\/ld+json\" class=\"yoast-schema-graph\">{\"@context\":\"https:\\\/\\\/schema.org\",\"@graph\":[{\"@type\":\"WebPage\",\"@id\":\"https:\\\/\\\/abitop.ee\\\/en\\\/kontaktid\\\/\",\"url\":\"https:\\\/\\\/abitop.ee\\\/en\\\/kontaktid\\\/\",\"name\":\"Contact us - AbiTop\",\"isPartOf\":{\"@id\":\"https:\\\/\\\/www.abitop.ee\\\/en\\\/#website\"},\"datePublished\":\"2016-01-28T17:54:05+00:00\",\"dateModified\":\"2021-10-15T06:37:48+00:00\",\"breadcrumb\":{\"@id\":\"https:\\\/\\\/abitop.ee\\\/en\\\/kontaktid\\\/#breadcrumb\"},\"inLanguage\":\"en-US\",\"potentialAction\":[{\"@type\":\"ReadAction\",\"target\":[\"https:\\\/\\\/abitop.ee\\\/en\\\/kontaktid\\\/\"]}]},{\"@type\":\"BreadcrumbList\",\"@id\":\"https:\\\/\\\/abitop.ee\\\/en\\\/kontaktid\\\/#breadcrumb\",\"itemListElement\":[{\"@type\":\"ListItem\",\"position\":1,\"name\":\"Home\",\"item\":\"https:\\\/\\\/www.abitop.ee\\\/en\\\/\"},{\"@type\":\"ListItem\",\"position\":2,\"name\":\"Contact us\"}]},{\"@type\":\"WebSite\",\"@id\":\"https:\\\/\\\/www.abitop.ee\\\/en\\\/#website\",\"url\":\"https:\\\/\\\/www.abitop.ee\\\/en\\\/\",\"name\":\"AbiTop\",\"description\":\"\",\"potentialAction\":[{\"@type\":\"SearchAction\",\"target\":{\"@type\":\"EntryPoint\",\"urlTemplate\":\"https:\\\/\\\/www.abitop.ee\\\/en\\\/?s={search_term_string}\"},\"query-input\":{\"@type\":\"PropertyValueSpecification\",\"valueRequired\":true,\"valueName\":\"search_term_string\"}}],\"inLanguage\":\"en-US\"}]}<\/script>\n<!-- \/ Yoast SEO plugin. -->","yoast_head_json":{"title":"Contact us - AbiTop","robots":{"index":"index","follow":"follow","max-snippet":"max-snippet:-1","max-image-preview":"max-image-preview:large","max-video-preview":"max-video-preview:-1"},"canonical":"https:\/\/abitop.ee\/en\/kontaktid\/","og_locale":"en_US","og_type":"article","og_title":"Contact us - AbiTop","og_url":"https:\/\/abitop.ee\/en\/kontaktid\/","og_site_name":"AbiTop","article_modified_time":"2021-10-15T06:37:48+00:00","twitter_card":"summary_large_image","twitter_misc":{"Est. reading time":"5 minutes"},"schema":{"@context":"https:\/\/schema.org","@graph":[{"@type":"WebPage","@id":"https:\/\/abitop.ee\/en\/kontaktid\/","url":"https:\/\/abitop.ee\/en\/kontaktid\/","name":"Contact us - AbiTop","isPartOf":{"@id":"https:\/\/www.abitop.ee\/en\/#website"},"datePublished":"2016-01-28T17:54:05+00:00","dateModified":"2021-10-15T06:37:48+00:00","breadcrumb":{"@id":"https:\/\/abitop.ee\/en\/kontaktid\/#breadcrumb"},"inLanguage":"en-US","potentialAction":[{"@type":"ReadAction","target":["https:\/\/abitop.ee\/en\/kontaktid\/"]}]},{"@type":"BreadcrumbList","@id":"https:\/\/abitop.ee\/en\/kontaktid\/#breadcrumb","itemListElement":[{"@type":"ListItem","position":1,"name":"Home","item":"https:\/\/www.abitop.ee\/en\/"},{"@type":"ListItem","position":2,"name":"Contact us"}]},{"@type":"WebSite","@id":"https:\/\/www.abitop.ee\/en\/#website","url":"https:\/\/www.abitop.ee\/en\/","name":"AbiTop","description":"","potentialAction":[{"@type":"SearchAction","target":{"@type":"EntryPoint","urlTemplate":"https:\/\/www.abitop.ee\/en\/?s={search_term_string}"},"query-input":{"@type":"PropertyValueSpecification","valueRequired":true,"valueName":"search_term_string"}}],"inLanguage":"en-US"}]}},"_links":{"self":[{"href":"https:\/\/abitop.ee\/en\/wp-json\/wp\/v2\/pages\/252","targetHints":{"allow":["GET"]}}],"collection":[{"href":"https:\/\/abitop.ee\/en\/wp-json\/wp\/v2\/pages"}],"about":[{"href":"https:\/\/abitop.ee\/en\/wp-json\/wp\/v2\/types\/page"}],"author":[{"embeddable":true,"href":"https:\/\/abitop.ee\/en\/wp-json\/wp\/v2\/users\/1"}],"replies":[{"embeddable":true,"href":"https:\/\/abitop.ee\/en\/wp-json\/wp\/v2\/comments?post=252"}],"version-history":[{"count":5,"href":"https:\/\/abitop.ee\/en\/wp-json\/wp\/v2\/pages\/252\/revisions"}],"predecessor-version":[{"id":1240,"href":"https:\/\/abitop.ee\/en\/wp-json\/wp\/v2\/pages\/252\/revisions\/1240"}],"wp:attachment":[{"href":"https:\/\/abitop.ee\/en\/wp-json\/wp\/v2\/media?parent=252"}],"curies":[{"name":"wp","href":"https:\/\/api.w.org\/{rel}","templated":true}]}}